{"id":57,"date":"2022-06-21T19:29:38","date_gmt":"2022-06-21T17:29:38","guid":{"rendered":"https:\/\/verelweb.com\/granaWP\/?page_id=57"},"modified":"2026-01-24T17:17:25","modified_gmt":"2026-01-24T16:17:25","slug":"mais-ou-est-le-bus","status":"publish","type":"page","link":"https:\/\/granapoplo.fr\/index.php\/mais-ou-est-le-bus\/","title":{"rendered":"Le Caf\u00e9"},"content":{"rendered":"\n<p>Le Caf\u00e9 Nomade Grana Poplo est un caf\u00e9 associatif. Il fonctionne sur le principe du b\u00e9n\u00e9volat ! Il est ouvert \u00e0 tous.tes. La consommation sur place n&#8217;est pas obligatoire pour profiter des animations et des ouvertures. L\u2019ADH\u00c9SION est en revanche obligatoire pour toute consommation sur place.<\/p>\n\n\n\n<h2 class=\"wp-block-heading\">BOISSONS ET SNACKS<\/h2>\n\n\n\n<p><em>La majorit\u00e9 des produits propos\u00e9s dans ce Caf\u00e9 sont des produits locaux (max 20Km) et dans la mesure du possible issus de l&#8217;Agriculture Biologique.<\/em><\/p>\n\n\n\n<p>Carte des Boissons et Snacks disponible sur place.<\/p>\n\n\n\n<p><\/p>\n","protected":false},"excerpt":{"rendered":"<p>Le Caf\u00e9 Nomade Grana Poplo est un caf\u00e9 associatif. Il fonctionne sur le principe du b\u00e9n\u00e9volat ! Il est ouvert \u00e0 tous.tes. La consommation sur place n&#8217;est pas obligatoire pour profiter des animations et des ouvertures. L\u2019ADH\u00c9SION est en revanche obligatoire pour toute consommation sur place. BOISSONS ET SNACKS La majorit\u00e9 des produits propos\u00e9s dans &#8230; <a title=\"Le Caf\u00e9\" class=\"read-more\" href=\"https:\/\/granapoplo.fr\/index.php\/mais-ou-est-le-bus\/\" aria-label=\"En savoir plus sur Le Caf\u00e9\">Lire la suite<\/a><\/p>\n","protected":false},"author":1,"featured_media":0,"parent":0,"menu_order":0,"comment_status":"closed","ping_status":"closed","template":"","meta":{"_mc_calendar":[],"footnotes":""},"class_list":["post-57","page","type-page","status-publish"],"_links":{"self":[{"href":"https:\/\/granapoplo.fr\/index.php\/wp-json\/wp\/v2\/pages\/57","targetHints":{"allow":["GET"]}}],"collection":[{"href":"https:\/\/granapoplo.fr\/index.php\/wp-json\/wp\/v2\/pages"}],"about":[{"href":"https:\/\/granapoplo.fr\/index.php\/wp-json\/wp\/v2\/types\/page"}],"author":[{"embeddable":true,"href":"https:\/\/granapoplo.fr\/index.php\/wp-json\/wp\/v2\/users\/1"}],"replies":[{"embeddable":true,"href":"https:\/\/granapoplo.fr\/index.php\/wp-json\/wp\/v2\/comments?post=57"}],"version-history":[{"count":6,"href":"https:\/\/granapoplo.fr\/index.php\/wp-json\/wp\/v2\/pages\/57\/revisions"}],"predecessor-version":[{"id":1046,"href":"https:\/\/granapoplo.fr\/index.php\/wp-json\/wp\/v2\/pages\/57\/revisions\/1046"}],"wp:attachment":[{"href":"https:\/\/granapoplo.fr\/index.php\/wp-json\/wp\/v2\/media?parent=57"}],"curies":[{"name":"wp","href":"https:\/\/api.w.org\/{rel}","templated":true}]}}