{"id":511,"date":"2023-04-13T10:13:22","date_gmt":"2023-04-13T08:13:22","guid":{"rendered":"http:\/\/granapoplo.fr\/?page_id=511"},"modified":"2026-04-02T17:27:22","modified_gmt":"2026-04-02T15:27:22","slug":"pousse-ma-porte-2023-2","status":"publish","type":"page","link":"https:\/\/granapoplo.fr\/index.php\/pousse-ma-porte-2023-2\/","title":{"rendered":"Pousse ma porte 2026"},"content":{"rendered":"\n<p>L&#8217;association Grana Poplo&nbsp;a d\u00e9cid\u00e9 de &#8220;cr\u00e9er des courants&#8221; autour du lac &#8230; (dans l&#8217;avant-pays savoyard)<br><strong>Du 16 mai au 6 juin <em>202<\/em>6 <\/strong>aura lieu <strong>la 3\u00e8me \u00e9dition du festival POUSSE MA PORTE.<\/strong><br>Le concept est simple:&nbsp;un(e) <strong>accueillant(e)<\/strong> ouvre sa porte et propose \u00e0 des <strong>accueilli(e)s<\/strong> un moment de partage autour&nbsp;d&#8217;un atelier, d&#8217;une activit\u00e9&#8230;<br>Exemples:&nbsp;<br>CUISINE( repas th\u00e9matique, d\u00e9gustation&nbsp;&#8230;)<br>MUSIQUE ( d\u00e9couverte, danse , chant)&nbsp;<br>JEUX ou ACTIVITES MANUELLES ( origami, bricolage, poterie)<br>&#8230;et toutes vos id\u00e9es m\u00eame les plus farfelues.&nbsp;<\/p>\n\n\n\n<p><strong>Les inscriptions, c&#8217;est quand ?<\/strong>&nbsp;<br>pour <strong>Les accueillant(e)s<\/strong> :<br>Remplissez le formulaire <a href=\"https:\/\/granapoplo.fr\/?page_id=369\" data-type=\"page\" data-id=\"369\">inscription des personnes qui ouvrent leur porte<\/a> \u00e0 partir du <strong>1er avril 2026<\/strong><br><br>pour <strong>Les accueilli(e)s<\/strong> :<br>-inscription \u00e0 partir du <strong>13 avril<\/strong> <strong>2026<\/strong><br>D\u00e8s que plusieurs \u00e9v\u00e9nements seront propos\u00e9s vous pourrez en consulter la liste et choisir l&#8217;atelier qui vous int\u00e9resse<br><\/p>\n\n\n\n<p><strong>Les portes s&#8217;ouvrent pour tous du 16 mai au 6 juin<\/strong><br><strong>Pour qui?<\/strong>&nbsp;Pour toutes et tous<br><strong>Payant?<\/strong>&nbsp;Non sauf ateliers particuliers (prix inf\u00e9rieur&nbsp;\u00e0 3 euros)<\/p>\n\n\n\n<p><strong>N&#8217;h\u00e9sitez pas \u00e0 partager cette info et en parler autour de vous.<\/strong><br>Pour tout autre renseignement vous pouvez nous <a href=\"https:\/\/granapoplo.fr\/index.php\/nous-contacter\/\" data-type=\"page\" data-id=\"599\">\u00e9crire par mail<\/a> <br>ou bien\u00a0 t\u00e9l\u00e9phoner \u00e0 Michel au 06 18 55 25 86.<br>Toute l&#8217;\u00e9quipe de Grana Poplo vous dit \u00e0 bient\u00f4t \ud83d\ude42<\/p>\n","protected":false},"excerpt":{"rendered":"<p>L&#8217;association Grana Poplo&nbsp;a d\u00e9cid\u00e9 de &#8220;cr\u00e9er des courants&#8221; autour du lac &#8230; (dans l&#8217;avant-pays savoyard)Du 16 mai au 6 juin 2026 aura lieu la 3\u00e8me \u00e9dition du festival POUSSE MA PORTE.Le concept est simple:&nbsp;un(e) accueillant(e) ouvre sa porte et propose \u00e0 des accueilli(e)s un moment de partage autour&nbsp;d&#8217;un atelier, d&#8217;une activit\u00e9&#8230;Exemples:&nbsp;CUISINE( repas th\u00e9matique, d\u00e9gustation&nbsp;&#8230;)MUSIQUE ( &#8230; <a title=\"Pousse ma porte 2026\" class=\"read-more\" href=\"https:\/\/granapoplo.fr\/index.php\/pousse-ma-porte-2023-2\/\" aria-label=\"En savoir plus sur Pousse ma porte 2026\">Lire la suite<\/a><\/p>\n","protected":false},"author":1,"featured_media":0,"parent":0,"menu_order":0,"comment_status":"closed","ping_status":"closed","template":"","meta":{"_mc_calendar":[],"footnotes":""},"class_list":["post-511","page","type-page","status-publish"],"_links":{"self":[{"href":"https:\/\/granapoplo.fr\/index.php\/wp-json\/wp\/v2\/pages\/511","targetHints":{"allow":["GET"]}}],"collection":[{"href":"https:\/\/granapoplo.fr\/index.php\/wp-json\/wp\/v2\/pages"}],"about":[{"href":"https:\/\/granapoplo.fr\/index.php\/wp-json\/wp\/v2\/types\/page"}],"author":[{"embeddable":true,"href":"https:\/\/granapoplo.fr\/index.php\/wp-json\/wp\/v2\/users\/1"}],"replies":[{"embeddable":true,"href":"https:\/\/granapoplo.fr\/index.php\/wp-json\/wp\/v2\/comments?post=511"}],"version-history":[{"count":15,"href":"https:\/\/granapoplo.fr\/index.php\/wp-json\/wp\/v2\/pages\/511\/revisions"}],"predecessor-version":[{"id":1132,"href":"https:\/\/granapoplo.fr\/index.php\/wp-json\/wp\/v2\/pages\/511\/revisions\/1132"}],"wp:attachment":[{"href":"https:\/\/granapoplo.fr\/index.php\/wp-json\/wp\/v2\/media?parent=511"}],"curies":[{"name":"wp","href":"https:\/\/api.w.org\/{rel}","templated":true}]}}