{"id":369,"date":"2022-12-21T17:06:46","date_gmt":"2022-12-21T16:06:46","guid":{"rendered":"http:\/\/granapoplo.fr\/?page_id=369"},"modified":"2026-04-02T17:09:23","modified_gmt":"2026-04-02T15:09:23","slug":"formulaire-accueillant","status":"publish","type":"page","link":"https:\/\/granapoplo.fr\/index.php\/formulaire-accueillant\/","title":{"rendered":"Formulaire accueillant &#8220;Pousse ma Porte 2026&#8221;"},"content":{"rendered":"\n<p class=\"has-medium-font-size\">Vous souhaitez proposer une activit\u00e9, un atelier dans le cadre du festival Pousse ma Porte,<br>remplissez le formulaire ci-dessous<br>Merci de bien remplir toutes les infos<\/p>\n\n\n\n<p class=\"has-medium-font-size\">\n<div class=\"wpcf7 no-js\" id=\"wpcf7-f390-o1\" lang=\"fr-FR\" dir=\"ltr\" data-wpcf7-id=\"390\">\n<div class=\"screen-reader-response\"><p role=\"status\" aria-live=\"polite\" aria-atomic=\"true\"><\/p> <ul><\/ul><\/div>\n<form action=\"\/index.php\/wp-json\/wp\/v2\/pages\/369#wpcf7-f390-o1\" method=\"post\" class=\"wpcf7-form init\" aria-label=\"Formulaire de contact\" enctype=\"multipart\/form-data\" novalidate=\"novalidate\" data-status=\"init\">\n<fieldset class=\"hidden-fields-container\"><input type=\"hidden\" name=\"_wpcf7\" value=\"390\" \/><input type=\"hidden\" name=\"_wpcf7_version\" value=\"6.1.5\" \/><input type=\"hidden\" name=\"_wpcf7_locale\" value=\"fr_FR\" \/><input type=\"hidden\" name=\"_wpcf7_unit_tag\" value=\"wpcf7-f390-o1\" \/><input type=\"hidden\" name=\"_wpcf7_container_post\" value=\"0\" \/><input type=\"hidden\" name=\"_wpcf7_posted_data_hash\" value=\"\" \/>\n<\/fieldset>\n<p>Proposer une activit\u00e9, un atelier dans le cadre de Pousse Ma Porte 2026<br \/>\n<label> Votre nom<br \/>\n<span class=\"wpcf7-form-control-wrap\" data-name=\"your-name\"><input size=\"40\" maxlength=\"400\" class=\"wpcf7-form-control wpcf7-text wpcf7-validates-as-required\" autocomplete=\"name\" aria-required=\"true\" aria-invalid=\"false\" value=\"\" type=\"text\" name=\"your-name\" \/><\/span> <\/label>\n<\/p>\n<p><label> Votre e-mail<br \/>\n<span class=\"wpcf7-form-control-wrap\" data-name=\"your-email\"><input size=\"40\" maxlength=\"400\" class=\"wpcf7-form-control wpcf7-email wpcf7-validates-as-required wpcf7-text wpcf7-validates-as-email\" autocomplete=\"email\" aria-required=\"true\" aria-invalid=\"false\" value=\"\" type=\"email\" name=\"your-email\" \/><\/span> <\/label>\n<\/p>\n<p><label> Nom de L'activit\u00e9\/atelier propos\u00e9 :<br \/>\n<span class=\"wpcf7-form-control-wrap\" data-name=\"atelier_propose\"><input size=\"40\" maxlength=\"400\" class=\"wpcf7-form-control wpcf7-text wpcf7-validates-as-required\" aria-required=\"true\" aria-invalid=\"false\" value=\"\" type=\"text\" name=\"atelier_propose\" \/><\/span> <\/label>\n<\/p>\n<p>DESCRIPTIF :<br \/>\ntranches d'\u00e2ges<br \/>\n<span class=\"wpcf7-form-control-wrap\" data-name=\"tranchedage\"><span class=\"wpcf7-form-control wpcf7-checkbox\"><span class=\"wpcf7-list-item first\"><label><input type=\"checkbox\" name=\"tranchedage[]\" value=\"enfants\" \/><span class=\"wpcf7-list-item-label\">enfants<\/span><\/label><\/span><span class=\"wpcf7-list-item\"><label><input type=\"checkbox\" name=\"tranchedage[]\" value=\"adolescents\" \/><span class=\"wpcf7-list-item-label\">adolescents<\/span><\/label><\/span><span class=\"wpcf7-list-item last\"><label><input type=\"checkbox\" name=\"tranchedage[]\" value=\"adultes\" \/><span class=\"wpcf7-list-item-label\">adultes<\/span><\/label><\/span><\/span><\/span><br \/>\nDescription de ce que vous proposez :<br \/>\n<span class=\"wpcf7-form-control-wrap\" data-name=\"descriptif_activite\"><textarea cols=\"40\" rows=\"10\" maxlength=\"2000\" class=\"wpcf7-form-control wpcf7-textarea\" aria-invalid=\"false\" name=\"descriptif_activite\"><\/textarea><\/span>\n<\/p>\n<p>Adresse du lieu o\u00f9 se d\u00e9roulera l\u2019atelier<br \/>\n<span class=\"wpcf7-form-control-wrap\" data-name=\"adresserue\"><input size=\"40\" maxlength=\"400\" class=\"wpcf7-form-control wpcf7-text\" aria-invalid=\"false\" placeholder=\"n\u00b0 et nom de la rue\" value=\"\" type=\"text\" name=\"adresserue\" \/><\/span><br \/>\n<span class=\"wpcf7-form-control-wrap\" data-name=\"adresseville\"><input size=\"40\" maxlength=\"400\" class=\"wpcf7-form-control wpcf7-text\" aria-invalid=\"false\" placeholder=\"CP et nom de la Ville\" value=\"\" type=\"text\" name=\"adresseville\" \/><\/span>\n<\/p>\n<p>Nombre de sessions propos\u00e9es (de 1 \u00e0 4) : <span class=\"wpcf7-form-control-wrap\" data-name=\"nb_sessions\"><input class=\"wpcf7-form-control wpcf7-number wpcf7-validates-as-number\" min=\"1\" aria-invalid=\"false\" value=\"1\" type=\"number\" name=\"nb_sessions\" \/><\/span><br \/>\nDate(s) et heure(s) propos\u00e9es<br \/>\n<span class=\"wpcf7-form-control-wrap\" data-name=\"datesetheures1\"><input size=\"40\" maxlength=\"400\" class=\"wpcf7-form-control wpcf7-text wpcf7-validates-as-required\" aria-required=\"true\" aria-invalid=\"false\" placeholder=\"01\/01\/2023 10h30\" value=\"\" type=\"text\" name=\"datesetheures1\" \/><\/span><br \/>\n<span class=\"wpcf7-form-control-wrap\" data-name=\"datesetheures2\"><input size=\"40\" maxlength=\"400\" class=\"wpcf7-form-control wpcf7-text\" aria-invalid=\"false\" placeholder=\"si 2 sessions 01\/01\/2023 10h30\" value=\"\" type=\"text\" name=\"datesetheures2\" \/><\/span><br \/>\n<span class=\"wpcf7-form-control-wrap\" data-name=\"datesetheures3\"><input size=\"40\" maxlength=\"400\" class=\"wpcf7-form-control wpcf7-text\" aria-invalid=\"false\" placeholder=\"si 3 sessions 01\/01\/2023 10h30\" value=\"\" type=\"text\" name=\"datesetheures3\" \/><\/span><br \/>\n<span class=\"wpcf7-form-control-wrap\" data-name=\"datesetheures4\"><input size=\"40\" maxlength=\"400\" class=\"wpcf7-form-control wpcf7-text\" aria-invalid=\"false\" placeholder=\"si 4 sessions 01\/01\/2023 10h30\" value=\"\" type=\"text\" name=\"datesetheures4\" \/><\/span>\n<\/p>\n<p>Nombre de participants maximum : <span class=\"wpcf7-form-control-wrap\" data-name=\"nbreparticipants\"><input class=\"wpcf7-form-control wpcf7-number wpcf7-validates-as-required wpcf7-validates-as-number\" min=\"1\" aria-required=\"true\" aria-invalid=\"false\" value=\"1\" type=\"number\" name=\"nbreparticipants\" \/><\/span>\n<\/p>\n<p>Frais engag\u00e9 (inf\u00e9rieur \u00e0 3 euros) : <span class=\"wpcf7-form-control-wrap\" data-name=\"Frais\"><span class=\"wpcf7-form-control wpcf7-radio\"><span class=\"wpcf7-list-item first\"><label><input type=\"radio\" name=\"Frais\" value=\"Oui\" \/><span class=\"wpcf7-list-item-label\">Oui<\/span><\/label><\/span><span class=\"wpcf7-list-item last\"><label><input type=\"radio\" name=\"Frais\" value=\"Non\" checked=\"checked\" \/><span class=\"wpcf7-list-item-label\">Non<\/span><\/label><\/span><\/span><\/span><br \/>\nnum\u00e9ro de t\u00e9l\u00e9phone <span class=\"wpcf7-form-control-wrap\" data-name=\"tel-980\"><input size=\"40\" maxlength=\"400\" class=\"wpcf7-form-control wpcf7-tel wpcf7-validates-as-required wpcf7-text wpcf7-validates-as-tel\" aria-required=\"true\" aria-invalid=\"false\" value=\"\" type=\"tel\" name=\"tel-980\" \/><\/span><br \/>\net pr\u00e9f\u00e9rences horaires <span class=\"wpcf7-form-control-wrap\" data-name=\"heureTel\"><input size=\"40\" maxlength=\"400\" class=\"wpcf7-form-control wpcf7-text\" aria-invalid=\"false\" value=\"\" type=\"text\" name=\"heureTel\" \/><\/span>\n<\/p>\n<p>adresse postale compl\u00e8te si diff\u00e9rente de celle de l'activit\u00e9 Votre message (facultatif)<br \/>\n<span class=\"wpcf7-form-control-wrap\" data-name=\"adresserue1\"><input size=\"40\" maxlength=\"400\" class=\"wpcf7-form-control wpcf7-text\" aria-invalid=\"false\" placeholder=\"n\u00b0 et nom de la rue\" value=\"\" type=\"text\" name=\"adresserue1\" \/><\/span><br \/>\n<span class=\"wpcf7-form-control-wrap\" data-name=\"adresserue2\"><input size=\"40\" maxlength=\"400\" class=\"wpcf7-form-control wpcf7-text\" aria-invalid=\"false\" placeholder=\"compl\u00e9ment rue\" value=\"\" type=\"text\" name=\"adresserue2\" \/><\/span><br \/>\n<span class=\"wpcf7-form-control-wrap\" data-name=\"adresseville2\"><input size=\"40\" maxlength=\"400\" class=\"wpcf7-form-control wpcf7-text\" aria-invalid=\"false\" placeholder=\"CP et nom de la Ville\" value=\"\" type=\"text\" name=\"adresseville2\" \/><\/span>\n<\/p>\n<p>possibilit\u00e9 d'ins\u00e9rer une photo de l'activit\u00e9\/atelier par l'accueillant<br \/>\n<span class=\"wpcf7-form-control-wrap\" data-name=\"file-92\"><input size=\"40\" class=\"wpcf7-form-control wpcf7-file\" accept=\"audio\/*,video\/*,image\/*\" aria-invalid=\"false\" type=\"file\" name=\"file-92\" \/><\/span><br \/>\n<span class=\"wpcf7-form-control-wrap kc_captcha\" data-name=\"kc_captcha\"><span class=\"wpcf7-form-control wpcf7-radio\"><span class=\"captcha-image\" ><span class=\"cf7ic_instructions\">Veuillez prouver que vous \u00eates humain en s\u00e9lectionnant<span> l\u2019arbre<\/span>.<\/span><label><input aria-label=\"1\" type=\"radio\" name=\"kc_captcha\" value=\"bot\" \/><svg aria-hidden=\"true\" role=\"img\" xmlns=\"http:\/\/www.w3.org\/2000\/svg\" viewBox=\"0 0 576 512\"><path fill=\"currentColor\" d=\"M415 24c-53 0-103 42-127 65-24-23-74-65-127-65C70 24 16 77 16 166c0 72 67 133 69 135l187 181c9 8 23 8 32 0l187-180c2-3 69-64 69-136 0-89-54-142-145-142z\"\/><\/svg><\/label><label><input aria-label=\"2\" type=\"radio\" name=\"kc_captcha\" value=\"bot\" \/><svg aria-hidden=\"true\" role=\"img\" xmlns=\"http:\/\/www.w3.org\/2000\/svg\" viewBox=\"0 0 640 512\"><path fill=\"currentColor\" d=\"M192 384h192c53 0 96-43 96-96h32a128 128 0 000-256H120c-13 0-24 11-24 24v232c0 53 43 96 96 96zM512 96a64 64 0 010 128h-32V96h32zm48 384H48c-47 0-61-64-36-64h584c25 0 11 64-36 64z\"\/><\/svg><\/label><label><input aria-label=\"3\" type=\"radio\" name=\"kc_captcha\" value=\"kc_human\" \/><svg aria-hidden=\"true\" role=\"img\" xmlns=\"http:\/\/www.w3.org\/2000\/svg\" viewBox=\"0 0 384 512\"><path fill=\"currentColor\" d=\"M377 375l-83-87h34c21 0 32-25 17-40l-82-88h33c21 0 32-25 18-40L210 8c-10-11-26-11-36 0L70 120c-14 15-3 40 18 40h33l-82 88c-15 15-4 40 17 40h34L7 375c-15 16-4 41 17 41h120c0 33-11 49-34 68-12 9-5 28 10 28h144c15 0 22-19 10-28-20-16-34-32-34-68h120c21 0 32-25 17-41z\"\/><\/svg><\/label>\r\n    <\/span>\r\n    <span style=\"display:none\">\r\n        <input type=\"text\" name=\"kc_honeypot\">\r\n    <\/span><\/span><\/span><br \/>\n<input class=\"wpcf7-form-control wpcf7-submit has-spinner\" type=\"submit\" value=\"Envoyer\" \/>\n<\/p>\n<p>Ce formulaire utilise Akismet pour r\u00e9duire le courrier ind\u00e9sirable. <a target=\"_blank\" rel=\"nofollow noopener\" href=\"https:\/\/akismet.com\/privacy\/\"><\/a>\n<\/p><p style=\"display: none !important;\" class=\"akismet-fields-container\" data-prefix=\"_wpcf7_ak_\"><label>&#916;<textarea name=\"_wpcf7_ak_hp_textarea\" cols=\"45\" rows=\"8\" maxlength=\"100\"><\/textarea><\/label><input type=\"hidden\" id=\"ak_js_1\" name=\"_wpcf7_ak_js\" value=\"6\"\/><script>document.getElementById( \"ak_js_1\" ).setAttribute( \"value\", ( new Date() ).getTime() );<\/script><\/p><div class=\"wpcf7-response-output\" aria-hidden=\"true\"><\/div>\n<\/form>\n<\/div>\n<\/p>\n","protected":false},"excerpt":{"rendered":"<p>Vous souhaitez proposer une activit\u00e9, un atelier dans le cadre du festival Pousse ma Porte,remplissez le formulaire ci-dessousMerci de bien remplir toutes les infos<\/p>\n","protected":false},"author":1,"featured_media":0,"parent":0,"menu_order":0,"comment_status":"closed","ping_status":"closed","template":"","meta":{"_mc_calendar":[],"footnotes":""},"class_list":["post-369","page","type-page","status-publish"],"_links":{"self":[{"href":"https:\/\/granapoplo.fr\/index.php\/wp-json\/wp\/v2\/pages\/369","targetHints":{"allow":["GET"]}}],"collection":[{"href":"https:\/\/granapoplo.fr\/index.php\/wp-json\/wp\/v2\/pages"}],"about":[{"href":"https:\/\/granapoplo.fr\/index.php\/wp-json\/wp\/v2\/types\/page"}],"author":[{"embeddable":true,"href":"https:\/\/granapoplo.fr\/index.php\/wp-json\/wp\/v2\/users\/1"}],"replies":[{"embeddable":true,"href":"https:\/\/granapoplo.fr\/index.php\/wp-json\/wp\/v2\/comments?post=369"}],"version-history":[{"count":10,"href":"https:\/\/granapoplo.fr\/index.php\/wp-json\/wp\/v2\/pages\/369\/revisions"}],"predecessor-version":[{"id":1083,"href":"https:\/\/granapoplo.fr\/index.php\/wp-json\/wp\/v2\/pages\/369\/revisions\/1083"}],"wp:attachment":[{"href":"https:\/\/granapoplo.fr\/index.php\/wp-json\/wp\/v2\/media?parent=369"}],"curies":[{"name":"wp","href":"https:\/\/api.w.org\/{rel}","templated":true}]}}