{"id":332,"date":"2022-11-18T22:48:24","date_gmt":"2022-11-18T21:48:24","guid":{"rendered":"http:\/\/gxmnqwj.cluster029.hosting.ovh.net\/?page_id=332"},"modified":"2026-01-24T17:15:51","modified_gmt":"2026-01-24T16:15:51","slug":"lassociation","status":"publish","type":"page","link":"https:\/\/granapoplo.fr\/index.php\/lassociation\/","title":{"rendered":"L&#8217;Association"},"content":{"rendered":"\n<h2 class=\"wp-block-heading\">Le Projet<\/h2>\n\n\n\n<p>Grana Poplo est une association n\u00e9e en 2021 de la volont\u00e9 de plusieurs habitants de cr\u00e9er un caf\u00e9 associatif autour du Lac d&#8217;Aiguebelette. Elle d\u00e9ploie un Caf\u00e9 itin\u00e9rant (Caf\u00e9 Nomade Grana Poplo) et anime un Collectif effervescent comme support d&#8217;autant de projets qui favorisent l&#8217;\u00e9change, le partage, le lien social entre habitants. <\/p>\n\n\n\n<p><\/p>\n","protected":false},"excerpt":{"rendered":"<p>Le Projet Grana Poplo est une association n\u00e9e en 2021 de la volont\u00e9 de plusieurs habitants de cr\u00e9er un caf\u00e9 associatif autour du Lac d&#8217;Aiguebelette. Elle d\u00e9ploie un Caf\u00e9 itin\u00e9rant (Caf\u00e9 Nomade Grana Poplo) et anime un Collectif effervescent comme support d&#8217;autant de projets qui favorisent l&#8217;\u00e9change, le partage, le lien social entre habitants.<\/p>\n","protected":false},"author":3,"featured_media":0,"parent":0,"menu_order":0,"comment_status":"closed","ping_status":"closed","template":"","meta":{"_mc_calendar":[],"footnotes":""},"class_list":["post-332","page","type-page","status-publish"],"_links":{"self":[{"href":"https:\/\/granapoplo.fr\/index.php\/wp-json\/wp\/v2\/pages\/332","targetHints":{"allow":["GET"]}}],"collection":[{"href":"https:\/\/granapoplo.fr\/index.php\/wp-json\/wp\/v2\/pages"}],"about":[{"href":"https:\/\/granapoplo.fr\/index.php\/wp-json\/wp\/v2\/types\/page"}],"author":[{"embeddable":true,"href":"https:\/\/granapoplo.fr\/index.php\/wp-json\/wp\/v2\/users\/3"}],"replies":[{"embeddable":true,"href":"https:\/\/granapoplo.fr\/index.php\/wp-json\/wp\/v2\/comments?post=332"}],"version-history":[{"count":4,"href":"https:\/\/granapoplo.fr\/index.php\/wp-json\/wp\/v2\/pages\/332\/revisions"}],"predecessor-version":[{"id":1045,"href":"https:\/\/granapoplo.fr\/index.php\/wp-json\/wp\/v2\/pages\/332\/revisions\/1045"}],"wp:attachment":[{"href":"https:\/\/granapoplo.fr\/index.php\/wp-json\/wp\/v2\/media?parent=332"}],"curies":[{"name":"wp","href":"https:\/\/api.w.org\/{rel}","templated":true}]}}